{"id":485,"date":"2026-02-05T16:46:47","date_gmt":"2026-02-05T13:46:47","guid":{"rendered":"https:\/\/www.marmaraadasi.org\/?page_id=485"},"modified":"2026-02-05T16:46:49","modified_gmt":"2026-02-05T13:46:49","slug":"bitki-ortusu","status":"publish","type":"page","link":"https:\/\/www.marmaraadasi.org\/index.php\/bitki-ortusu\/","title":{"rendered":"Bitki \u00d6rt\u00fcs\u00fc"},"content":{"rendered":"","protected":false},"excerpt":{"rendered":"","protected":false},"author":2,"featured_media":0,"parent":0,"menu_order":0,"comment_status":"closed","ping_status":"closed","template":"","meta":{"footnotes":""},"class_list":["post-485","page","type-page","status-publish","hentry"],"blocksy_meta":[],"_links":{"self":[{"href":"https:\/\/www.marmaraadasi.org\/index.php\/wp-json\/wp\/v2\/pages\/485","targetHints":{"allow":["GET"]}}],"collection":[{"href":"https:\/\/www.marmaraadasi.org\/index.php\/wp-json\/wp\/v2\/pages"}],"about":[{"href":"https:\/\/www.marmaraadasi.org\/index.php\/wp-json\/wp\/v2\/types\/page"}],"author":[{"embeddable":true,"href":"https:\/\/www.marmaraadasi.org\/index.php\/wp-json\/wp\/v2\/users\/2"}],"replies":[{"embeddable":true,"href":"https:\/\/www.marmaraadasi.org\/index.php\/wp-json\/wp\/v2\/comments?post=485"}],"version-history":[{"count":1,"href":"https:\/\/www.marmaraadasi.org\/index.php\/wp-json\/wp\/v2\/pages\/485\/revisions"}],"predecessor-version":[{"id":486,"href":"https:\/\/www.marmaraadasi.org\/index.php\/wp-json\/wp\/v2\/pages\/485\/revisions\/486"}],"wp:attachment":[{"href":"https:\/\/www.marmaraadasi.org\/index.php\/wp-json\/wp\/v2\/media?parent=485"}],"curies":[{"name":"wp","href":"https:\/\/api.w.org\/{rel}","templated":true}]}}