{"id":28,"date":"2026-01-18T14:27:00","date_gmt":"2026-01-18T11:27:00","guid":{"rendered":"https:\/\/www.marmaraadasi.org\/?page_id=28"},"modified":"2026-02-02T03:52:09","modified_gmt":"2026-02-02T00:52:09","slug":"tarihcesi","status":"publish","type":"page","link":"https:\/\/www.marmaraadasi.org\/index.php\/tarihcesi\/","title":{"rendered":"Tarih\u00e7e"},"content":{"rendered":"\n<div class=\"wp-block-columns is-layout-flex wp-container-core-columns-is-layout-28f84493 wp-block-columns-is-layout-flex\">\n<div class=\"wp-block-column is-layout-flow wp-block-column-is-layout-flow\">\n<div class=\"wp-block-columns is-layout-flex wp-container-core-columns-is-layout-28f84493 wp-block-columns-is-layout-flex\">\n<div class=\"wp-block-column is-layout-flow wp-block-column-is-layout-flow\">\n<figure class=\"wp-block-image size-full\"><img fetchpriority=\"high\" decoding=\"async\" width=\"2560\" height=\"955\" src=\"https:\/\/www.marmaraadasi.org\/wp-content\/uploads\/2026\/01\/Ekran-Resmi-2026-01-27-05.57.53-scaled.png\" alt=\"\" class=\"wp-image-351\" srcset=\"https:\/\/www.marmaraadasi.org\/wp-content\/uploads\/2026\/01\/Ekran-Resmi-2026-01-27-05.57.53-scaled.png 2560w, https:\/\/www.marmaraadasi.org\/wp-content\/uploads\/2026\/01\/Ekran-Resmi-2026-01-27-05.57.53-300x112.png 300w, https:\/\/www.marmaraadasi.org\/wp-content\/uploads\/2026\/01\/Ekran-Resmi-2026-01-27-05.57.53-1024x382.png 1024w, https:\/\/www.marmaraadasi.org\/wp-content\/uploads\/2026\/01\/Ekran-Resmi-2026-01-27-05.57.53-768x287.png 768w, https:\/\/www.marmaraadasi.org\/wp-content\/uploads\/2026\/01\/Ekran-Resmi-2026-01-27-05.57.53-1536x573.png 1536w, https:\/\/www.marmaraadasi.org\/wp-content\/uploads\/2026\/01\/Ekran-Resmi-2026-01-27-05.57.53-2048x764.png 2048w\" sizes=\"(max-width: 2560px) 100vw, 2560px\" \/><\/figure>\n<\/div>\n<\/div>\n<\/div>\n<\/div>\n\n\n\n<div class=\"wp-block-group is-layout-constrained wp-container-core-group-is-layout-f36bc466 wp-block-group-is-layout-constrained\">\n<h2 class=\"wp-block-heading\">Marmara Adas\u0131\u2019n\u0131n Tarih\u00e7esi<\/h2>\n\n\n\n<div class=\"wp-block-group is-layout-constrained wp-block-group-is-layout-constrained\">\n<div class=\"wp-block-group is-layout-constrained wp-block-group-is-layout-constrained\">\n<blockquote class=\"wp-block-quote is-layout-flow wp-block-quote-is-layout-flow\">\n<p class=\"has-medium-font-size\">Marmara Denizi\u2019nin g\u00fcneybat\u0131s\u0131nda yer alan Marmara Adas\u0131, yaln\u0131zca do\u011fal g\u00fczellikleriyle de\u011fil, binlerce y\u0131la uzanan k\u00f6kl\u00fc ge\u00e7mi\u015fiyle de dikkat \u00e7eken \u00f6zel bir yerle\u015fim yeridir. Tarih boyunca farkl\u0131 uygarl\u0131klar\u0131n iz b\u0131rakt\u0131\u011f\u0131 ada, hem stratejik konumu hem de d\u00fcnyaca \u00fcnl\u00fc mermer yataklar\u0131 sayesinde her d\u00f6nemde \u00f6nemli olmu\u015ftur.<\/p>\n\n\n\n<h2 class=\"wp-block-heading\"><br><br><strong>Antik \u00c7a\u011f: Prokonnesos D\u00f6nemi<\/strong><br><\/h2>\n\n\n\n<blockquote class=\"wp-block-quote is-layout-flow wp-block-quote-is-layout-flow\">\n<p class=\"has-medium-font-size\">Marmara Adas\u0131\u2019n\u0131n bilinen en eski ad\u0131 Prokonnesos\u2019tur. Bu isim, Antik Yunanca\u2019da \u201c\u00f6n ada\u201d anlam\u0131na gelir. Ada, M\u00d6 8. y\u00fczy\u0131ldan itibaren Yunan kolonistlerin yerle\u015fimine sahne olmu\u015ftur. B\u00f6lge, \u00f6zellikle mermeriyle \u00fcn kazanm\u0131\u015ft\u0131r. Antik d\u00fcnyada \u00e7\u0131kar\u0131lan beyaz ve damarl\u0131 mermerler; tap\u0131naklar, heykeller ve an\u0131tsal yap\u0131larda kullan\u0131lm\u0131\u015ft\u0131r.<\/p>\n<\/blockquote>\n\n\n\n<h2 class=\"wp-block-heading\"><br><strong>Roma ve Bizans D\u00f6nemi<\/strong><\/h2>\n\n\n\n<blockquote class=\"wp-block-quote is-layout-flow wp-block-quote-is-layout-flow\">\n<p class=\"has-medium-font-size\">Roma \u0130mparatorlu\u011fu d\u00f6neminde ada, mermer \u00fcretim merkezi olarak alt\u0131n \u00e7a\u011f\u0131n\u0131 ya\u015fam\u0131\u015ft\u0131r. \u00d6zellikle \u0130stanbul\u2019daki bir\u00e7ok \u00f6nemli yap\u0131, mermerini buradan alm\u0131\u015ft\u0131r. Bizans d\u00f6neminde ada sadece bir \u00fcretim merkezi de\u011fil, ayn\u0131 zamanda s\u00fcrg\u00fcn yeri olarak da kullan\u0131lm\u0131\u015ft\u0131r.<\/p>\n<\/blockquote>\n\n\n\n<h2 class=\"wp-block-heading\"><br><strong>Orta \u00c7a\u011f ve Deniz Ticaret Yollar\u0131<\/strong><\/h2>\n\n\n\n<blockquote class=\"wp-block-quote is-layout-flow wp-block-quote-is-layout-flow\">\n<p class=\"has-medium-font-size\">Orta \u00c7a\u011f boyunca Marmara Adas\u0131, Marmara Denizi\u2019ndeki deniz ticaret yollar\u0131n\u0131n \u00fczerinde stratejik bir konumda bulunuyordu\u2026<\/p>\n<\/blockquote>\n\n\n\n<h2 class=\"wp-block-heading\"><br><strong>Osmanl\u0131 D\u00f6nemi<\/strong><\/h2>\n\n\n\n<blockquote class=\"wp-block-quote is-layout-flow wp-block-quote-is-layout-flow\">\n<p class=\"has-medium-font-size\">Marmara Adas\u0131 Osmanl\u0131 topraklar\u0131na kat\u0131ld\u0131ktan sonra da mermer \u00fcretimi devam etti\u2026<\/p>\n<\/blockquote>\n\n\n\n<h2 class=\"wp-block-heading\"><br><strong>Cumhuriyet D\u00f6nemi ve N\u00fcfus De\u011fi\u015fimi<\/strong><\/h2>\n\n\n\n<blockquote class=\"wp-block-quote is-layout-flow wp-block-quote-is-layout-flow\">\n<p class=\"has-medium-font-size\">1923 y\u0131l\u0131nda T\u00fcrkiye ile Yunanistan aras\u0131nda yap\u0131lan n\u00fcfus m\u00fcbadelesi\u2026<\/p>\n<\/blockquote>\n\n\n\n<h2 class=\"wp-block-heading\"><br><strong>G\u00fcn\u00fcm\u00fczde Marmara Adas\u0131<\/strong><\/h2>\n<\/blockquote>\n\n\n\n<blockquote class=\"wp-block-quote is-layout-flow wp-block-quote-is-layout-flow\">\n<p class=\"has-medium-font-size\">G\u00fcn\u00fcm\u00fczde Marmara Adas\u0131, tarihi miras\u0131 ile do\u011fal g\u00fczelliklerini bir arada sunan nadir yerlerden biridir\u2026<\/p>\n<\/blockquote>\n\n\n\n<h2 class=\"wp-block-heading\"><strong>Tarihin Ta\u015fa Yaz\u0131ld\u0131\u011f\u0131 Ada<\/strong><\/h2>\n\n\n\n<blockquote class=\"wp-block-quote is-layout-flow wp-block-quote-is-layout-flow\">\n<p class=\"has-medium-font-size\">Marmara Adas\u0131\u2019n\u0131n tarihi, adeta mermerin i\u00e7ine kaz\u0131nm\u0131\u015f bir hik\u00e2ye gibidir. Antik \u00e7a\u011flardan g\u00fcn\u00fcm\u00fcze kadar uzanan bu ser\u00fcven; ticaretin, s\u00fcrg\u00fcnlerin, g\u00f6\u00e7lerin ve k\u00fclt\u00fcrlerin i\u00e7 i\u00e7e ge\u00e7ti\u011fi \u00e7ok katmanl\u0131 bir ge\u00e7mi\u015f sunar.<\/p>\n<\/blockquote>\n<\/div>\n\n\n\n<p><\/p>\n\n\n\n<blockquote class=\"wp-block-quote is-layout-flow wp-block-quote-is-layout-flow\">\n<div class=\"wp-block-cover alignfull wp-duotone-unset-1\" style=\"margin-top:0;padding-top:48px;padding-right:48px;padding-bottom:48px;padding-left:48px;min-height:66vh;aspect-ratio:unset;\"><img decoding=\"async\" width=\"760\" height=\"1024\" class=\"wp-block-cover__image-background wp-image-437 size-large\" alt=\"\" src=\"https:\/\/www.marmaraadasi.org\/wp-content\/uploads\/2026\/02\/Buyuk-dji_fly_20240201_175234_331_1706805770559_photo-760x1024.jpeg\" data-object-fit=\"cover\" srcset=\"https:\/\/www.marmaraadasi.org\/wp-content\/uploads\/2026\/02\/Buyuk-dji_fly_20240201_175234_331_1706805770559_photo-760x1024.jpeg 760w, https:\/\/www.marmaraadasi.org\/wp-content\/uploads\/2026\/02\/Buyuk-dji_fly_20240201_175234_331_1706805770559_photo-223x300.jpeg 223w, https:\/\/www.marmaraadasi.org\/wp-content\/uploads\/2026\/02\/Buyuk-dji_fly_20240201_175234_331_1706805770559_photo-768x1035.jpeg 768w, https:\/\/www.marmaraadasi.org\/wp-content\/uploads\/2026\/02\/Buyuk-dji_fly_20240201_175234_331_1706805770559_photo.jpeg 950w\" sizes=\"(max-width: 760px) 100vw, 760px\" \/><span aria-hidden=\"true\" class=\"wp-block-cover__background has-black-background-color has-background-dim-40 has-background-dim\"><\/span><div class=\"wp-block-cover__inner-container is-layout-flow wp-block-cover-is-layout-flow\">\n<div class=\"wp-block-group is-layout-constrained wp-container-core-group-is-layout-4582f6a7 wp-block-group-is-layout-constrained\">\n<p class=\"has-text-align-center has-palette-color-8-color has-text-color has-link-color has-x-large-font-size wp-elements-53c9e961c12e4fae27db7a209f556928\" style=\"line-height:0\"><strong>Marmara Adas\u0131\u2019n\u0131n <\/strong><\/p>\n\n\n\n<p class=\"has-text-align-center has-x-large-font-size\" style=\"line-height:0\"><strong>K\u00f6kl\u00fc Tarihi<\/strong><\/p>\n\n\n\n<p class=\"has-text-align-center has-large-font-size\"><br>T<strong>a\u015f\u0131n, denizin ve k\u00fclt\u00fcrlerin binlerce y\u0131ll\u0131k bulu\u015fma noktas\u0131<\/strong><br><\/p>\n<\/div>\n\n\n\n<div style=\"height:72px\" aria-hidden=\"true\" class=\"wp-block-spacer\"><\/div>\n<\/div><\/div>\n\n\n\n<div class=\"wp-block-columns is-layout-flex wp-container-core-columns-is-layout-28f84493 wp-block-columns-is-layout-flex\">\n<div class=\"wp-block-column is-layout-flow wp-block-column-is-layout-flow\" style=\"flex-basis:100%\"><\/div>\n<\/div>\n<\/blockquote>\n<\/div>\n\n\n\n<p><\/p>\n\n\n\n<p class=\"has-palette-color-8-background-color has-background\"><\/p>\n\n\n\n<p><\/p>\n<\/div>\n\n\n\n<p><\/p>\n","protected":false},"excerpt":{"rendered":"<p>Marmara Adas\u0131\u2019n\u0131n Tarih\u00e7esi Marmara Denizi\u2019nin g\u00fcneybat\u0131s\u0131nda yer alan Marmara Adas\u0131, yaln\u0131zca do\u011fal g\u00fczellikleriyle de\u011fil, binlerce y\u0131la uzanan k\u00f6kl\u00fc ge\u00e7mi\u015fiyle de dikkat \u00e7eken \u00f6zel bir yerle\u015fim yeridir. Tarih boyunca farkl\u0131 uygarl\u0131klar\u0131n iz b\u0131rakt\u0131\u011f\u0131 ada, hem stratejik konumu hem de d\u00fcnyaca \u00fcnl\u00fc mermer yataklar\u0131 sayesinde her d\u00f6nemde \u00f6nemli olmu\u015ftur. Antik \u00c7a\u011f: Prokonnesos D\u00f6nemi Marmara Adas\u0131\u2019n\u0131n bilinen en [&hellip;]<\/p>\n","protected":false},"author":1,"featured_media":314,"parent":0,"menu_order":0,"comment_status":"closed","ping_status":"closed","template":"elementor_header_footer","meta":{"footnotes":""},"class_list":["post-28","page","type-page","status-publish","has-post-thumbnail","hentry"],"blocksy_meta":[],"_links":{"self":[{"href":"https:\/\/www.marmaraadasi.org\/index.php\/wp-json\/wp\/v2\/pages\/28","targetHints":{"allow":["GET"]}}],"collection":[{"href":"https:\/\/www.marmaraadasi.org\/index.php\/wp-json\/wp\/v2\/pages"}],"about":[{"href":"https:\/\/www.marmaraadasi.org\/index.php\/wp-json\/wp\/v2\/types\/page"}],"author":[{"embeddable":true,"href":"https:\/\/www.marmaraadasi.org\/index.php\/wp-json\/wp\/v2\/users\/1"}],"replies":[{"embeddable":true,"href":"https:\/\/www.marmaraadasi.org\/index.php\/wp-json\/wp\/v2\/comments?post=28"}],"version-history":[{"count":7,"href":"https:\/\/www.marmaraadasi.org\/index.php\/wp-json\/wp\/v2\/pages\/28\/revisions"}],"predecessor-version":[{"id":448,"href":"https:\/\/www.marmaraadasi.org\/index.php\/wp-json\/wp\/v2\/pages\/28\/revisions\/448"}],"wp:featuredmedia":[{"embeddable":true,"href":"https:\/\/www.marmaraadasi.org\/index.php\/wp-json\/wp\/v2\/media\/314"}],"wp:attachment":[{"href":"https:\/\/www.marmaraadasi.org\/index.php\/wp-json\/wp\/v2\/media?parent=28"}],"curies":[{"name":"wp","href":"https:\/\/api.w.org\/{rel}","templated":true}]}}