{"id":238,"date":"2026-01-19T09:18:13","date_gmt":"2026-01-19T06:18:13","guid":{"rendered":"https:\/\/www.marmaraadasi.org\/?page_id=238"},"modified":"2026-01-27T03:46:22","modified_gmt":"2026-01-27T00:46:22","slug":"hakkimizda","status":"publish","type":"page","link":"https:\/\/www.marmaraadasi.org\/index.php\/hakkimizda\/","title":{"rendered":"Hakk\u0131m\u0131zda"},"content":{"rendered":"\n<div class=\"wp-block-columns is-layout-flex wp-container-core-columns-is-layout-28f84493 wp-block-columns-is-layout-flex\">\n<div class=\"wp-block-column is-layout-flow wp-block-column-is-layout-flow\"><\/div>\n\n\n\n<div class=\"wp-block-column is-layout-flow wp-block-column-is-layout-flow\"><\/div>\n<\/div>\n\n\n\n<figure class=\"wp-block-image alignleft size-full\"><img fetchpriority=\"high\" decoding=\"async\" width=\"480\" height=\"640\" src=\"https:\/\/www.marmaraadasi.org\/wp-content\/uploads\/2026\/01\/Orta-IMG_1109.jpeg\" alt=\"\" class=\"wp-image-286\" srcset=\"https:\/\/www.marmaraadasi.org\/wp-content\/uploads\/2026\/01\/Orta-IMG_1109.jpeg 480w, https:\/\/www.marmaraadasi.org\/wp-content\/uploads\/2026\/01\/Orta-IMG_1109-225x300.jpeg 225w\" sizes=\"(max-width: 480px) 100vw, 480px\" \/><\/figure>\n\n\n\n<p class=\"has-drop-cap\"><strong>Marmara Adas\u0131 Dostlar\u0131 K\u00fclt\u00fcr Sanat Turizm ve E\u011fitim Derne\u011fini<\/strong>n k\u00f6kleri 2020 y\u0131l\u0131nda, Marmara Adas\u0131\u2019n\u0131n sorunlar\u0131n\u0131 ve \u00e7\u00f6z\u00fcm \u00f6nerilerini konu\u015fup, tart\u0131\u015farak Ada\u2019ya faydal\u0131 olmak gayesiyle at\u0131lm\u0131\u015ft\u0131r. Ufak bir g\u00f6n\u00fcll\u00fcler grubu ile ba\u015flayan \u00e7al\u0131\u015fmalar \u00e7ok k\u0131sa zamanda halk\u0131n ve y\u00f6neticilerin g\u00fcven ve be\u011fenisini kazand\u0131\u011f\u0131 i\u00e7in gruba kat\u0131l\u0131mlar artm\u0131\u015f, bu \u00e7al\u0131\u015fmalar\u0131n daha verimli olabilmesi i\u00e7in t\u00fczel bir ki\u015fili\u011fe ihtiya\u00e7 duyulmu\u015ftur. Bu sebeple 2022 y\u0131l\u0131nda Marmara Adas\u0131 Dostlar\u0131 g\u00f6n\u00fcll\u00fcler grubuyla ayn\u0131 ad\u0131 ta\u015f\u0131yan derne\u011fimiz kurulmu\u015ftur. Sosyal medya \u00fczerinden \u00e7al\u0131\u015fan g\u00f6n\u00fcll\u00fcler grubumuz da devam etmekte ve b\u00fcy\u00fcmektedir.<\/p>\n\n\n\n<p>Geli\u015fmenin e\u011fitim ve k\u00fclt\u00fcrden ge\u00e7ti\u011finin bilinciyle \u00e7al\u0131\u015fmalar\u0131m\u0131zda bu alanlar a\u011f\u0131rl\u0131k ta\u015f\u0131maktad\u0131r. 3 y\u0131l\u0131 a\u015fk\u0131n bir s\u00fcredir kitap kul\u00fcb\u00fcm\u00fcz b\u00fcnyesindeki 105 \u00fcyemiz ile her ay bir kitap se\u00e7erek okuyup tart\u0131\u015f\u0131yoruz. \u0130mk\u00e2n varsa kitab\u0131n yazar\u0131n\u0131, \u00e7evirmenini veya yazar ile r\u00f6portaj yapm\u0131\u015f bir ki\u015fiyi davet ederek bu s\u00f6yle\u015filerimizi zenginle\u015ftiriyoruz. Ayda bir toplu olarak film seyredip analiz ediyoruz. 2022 y\u0131l\u0131ndan beri Adam\u0131z\u0131n mahallelerinden iki ayr\u0131 dernekte birlikte her y\u0131l a\u011fustos ay\u0131nda Marmara Adas\u0131 Edebiyat Festivali\u2019ni yap\u0131yoruz. 2025 y\u0131l\u0131nda ayr\u0131ca \u00c7ocuk Edebiyat\u0131 G\u00fcnlerini yapmaya ba\u015flad\u0131k. Desteklenmesi durumunda ba\u015far\u0131l\u0131 olacak \u00f6\u011frencilere burs veriyoruz. Lisemize g\u00fczel bir k\u00fct\u00fcphane hediye ettik. Merkezdeki her iki okulumuzda da kitap gereksinimi olunca destek veriyoruz. \u0130lkokulumuzun \u00f6zel e\u011fitim s\u0131n\u0131f\u0131n\u0131n d\u00fczenlemesini yapt\u0131k.<\/p>\n\n\n\n<p>Derne\u011fimizin y\u00f6netim kurulu be\u015f ki\u015fiden olu\u015fmaktad\u0131r.<\/p>\n\n\n\n<p style=\"line-height:0.2\">Eseng\u00fcl Taran Fleckenstein<\/p>\n\n\n\n<p style=\"line-height:0.2\">Denizg\u00fcn En\u00f6n<\/p>\n\n\n\n<p style=\"line-height:0.2\">Halil Naci G\u00fcrelli<\/p>\n\n\n\n<p style=\"line-height:0.2\">Meltem D\u00fczg\u00fcn<\/p>\n\n\n\n<p style=\"line-height:0.2\">Nuran Boyac\u0131 Buzol<\/p>\n\n\n\n<div class=\"wp-block-columns is-layout-flex wp-container-core-columns-is-layout-28f84493 wp-block-columns-is-layout-flex\">\n<div class=\"wp-block-column is-layout-flow wp-block-column-is-layout-flow\"><\/div>\n\n\n\n<div class=\"wp-block-column is-layout-flow wp-block-column-is-layout-flow\"><\/div>\n<\/div>\n\n\n\n<p><\/p>\n","protected":false},"excerpt":{"rendered":"<p>Marmara Adas\u0131 Dostlar\u0131 K\u00fclt\u00fcr Sanat Turizm ve E\u011fitim Derne\u011finin k\u00f6kleri 2020 y\u0131l\u0131nda, Marmara Adas\u0131\u2019n\u0131n sorunlar\u0131n\u0131 ve \u00e7\u00f6z\u00fcm \u00f6nerilerini konu\u015fup, tart\u0131\u015farak Ada\u2019ya faydal\u0131 olmak gayesiyle at\u0131lm\u0131\u015ft\u0131r. Ufak bir g\u00f6n\u00fcll\u00fcler grubu ile ba\u015flayan \u00e7al\u0131\u015fmalar \u00e7ok k\u0131sa zamanda halk\u0131n ve y\u00f6neticilerin g\u00fcven ve be\u011fenisini kazand\u0131\u011f\u0131 i\u00e7in gruba kat\u0131l\u0131mlar artm\u0131\u015f, bu \u00e7al\u0131\u015fmalar\u0131n daha verimli olabilmesi i\u00e7in t\u00fczel bir ki\u015fili\u011fe [&hellip;]<\/p>\n","protected":false},"author":2,"featured_media":0,"parent":0,"menu_order":4,"comment_status":"closed","ping_status":"closed","template":"","meta":{"footnotes":""},"class_list":["post-238","page","type-page","status-publish","hentry"],"blocksy_meta":[],"_links":{"self":[{"href":"https:\/\/www.marmaraadasi.org\/index.php\/wp-json\/wp\/v2\/pages\/238","targetHints":{"allow":["GET"]}}],"collection":[{"href":"https:\/\/www.marmaraadasi.org\/index.php\/wp-json\/wp\/v2\/pages"}],"about":[{"href":"https:\/\/www.marmaraadasi.org\/index.php\/wp-json\/wp\/v2\/types\/page"}],"author":[{"embeddable":true,"href":"https:\/\/www.marmaraadasi.org\/index.php\/wp-json\/wp\/v2\/users\/2"}],"replies":[{"embeddable":true,"href":"https:\/\/www.marmaraadasi.org\/index.php\/wp-json\/wp\/v2\/comments?post=238"}],"version-history":[{"count":5,"href":"https:\/\/www.marmaraadasi.org\/index.php\/wp-json\/wp\/v2\/pages\/238\/revisions"}],"predecessor-version":[{"id":318,"href":"https:\/\/www.marmaraadasi.org\/index.php\/wp-json\/wp\/v2\/pages\/238\/revisions\/318"}],"wp:attachment":[{"href":"https:\/\/www.marmaraadasi.org\/index.php\/wp-json\/wp\/v2\/media?parent=238"}],"curies":[{"name":"wp","href":"https:\/\/api.w.org\/{rel}","templated":true}]}}